{"id":25990114,"date":"2025-03-19T17:47:48","date_gmt":"2025-03-19T17:47:48","guid":{"rendered":"https:\/\/gbk-ingelheim.de\/data-sheets"},"modified":"2025-03-19T17:47:48","modified_gmt":"2025-03-19T17:47:48","slug":"data-sheets","status":"publish","type":"page","link":"https:\/\/gbk-ingelheim.de\/en\/data-sheets","title":{"rendered":"Data sheets"},"content":{"rendered":"\n[et_pb_section fb_built=&#8221;1&#8243; admin_label=&#8221;section&#8221; _builder_version=&#8221;4.16&#8243; _module_preset=&#8221;default&#8221; global_colors_info=&#8221;{}&#8221;][et_pb_row _builder_version=&#8221;4.27.4&#8243; _module_preset=&#8221;default&#8221; global_colors_info=&#8221;{}&#8221;][et_pb_column type=&#8221;4_4&#8243; _builder_version=&#8221;4.27.4&#8243; _module_preset=&#8221;default&#8221; global_colors_info=&#8221;{}&#8221;][et_pb_text _builder_version=&#8221;4.27.4&#8243; _module_preset=&#8221;a3b39a8f-66bb-4ff8-895c-1f0be8a8e266&#8243; global_colors_info=&#8221;{}&#8221;]<h1 style=\"text-align: center;\">GBK data sheets at a glance<\/h1>\n<p>&nbsp;<\/p>\n<p style=\"text-align: center;\"><strong>Here you will find all GBK data sheets on your topics as PDF files.<\/strong><\/p>[\/et_pb_text][\/et_pb_column][\/et_pb_row][et_pb_row column_structure=&#8221;1_3,1_3,1_3&#8243; _builder_version=&#8221;4.27.4&#8243; _module_preset=&#8221;default&#8221; global_colors_info=&#8221;{}&#8221;][et_pb_column type=&#8221;1_3&#8243; _builder_version=&#8221;4.27.4&#8243; _module_preset=&#8221;default&#8221; global_colors_info=&#8221;{}&#8221;][ba_info_box photo=&#8221;https:\/\/gbk-ingelheim.de\/wp-content\/uploads\/2025\/03\/EHS-AUDITIERUNG-UND-RISIKOANALYSE-2.jpg&#8221; title=&#8221;EHS auditing and risk analysis with GBK Compliance&#8221; body_content=&#8221;<p><span>Wir f\u00fchren eine einzigartige Auditierung und Risikoanalyse durch.<\/span><\/p>&#8221; use_button=&#8221;on&#8221; button_text=&#8221;mehr erfahren&#8221; button_link=&#8221;https:\/\/www.gbk-ingelheim.de\/ehs-auditierung\/&#8221; content_alignment=&#8221;center&#8221; btn_spacing_top=&#8221;40px&#8221; _builder_version=&#8221;4.27.4&#8243; _module_preset=&#8221;default&#8221; custom_button=&#8221;on&#8221; button_text_size=&#8221;1rem&#8221; button_text_color=&#8221;#FFFFFF&#8221; button_bg_color=&#8221;#DB2A1C&#8221; button_border_color=&#8221;#DB2A1C&#8221; button_border_radius=&#8221;10px&#8221; button_use_icon=&#8221;off&#8221; button_custom_padding=&#8221;0.7rem|2rem|0.7rem|2rem|true|true&#8221; hover_enabled=&#8221;0&#8243; border_radii_photo=&#8221;on|3px|3px|3px|3px&#8221; global_colors_info=&#8221;{}&#8221; title_text=&#8221;EHS-AUDITIERUNG-UND-RISIKOANALYSE-2&#8243; sticky_enabled=&#8221;0&#8243;][\/ba_info_box][\/et_pb_column][et_pb_column type=&#8221;1_3&#8243; _builder_version=&#8221;4.27.4&#8243; _module_preset=&#8221;default&#8221; global_colors_info=&#8221;{}&#8221;][ba_info_box photo=&#8221;https:\/\/gbk-ingelheim.de\/wp-content\/uploads\/2025\/03\/boxbild-5-4-2.jpg&#8221; title=&#8221;Takeover of the external dangerous goods officer&#8221; body_content=&#8221;<p>Wir \u00fcbernehmen f\u00fcr Sie die Verantwortung als Gefahrgutbeauftragter f\u00fcr alle Verkehrstr\u00e4ger \u2013 Stra\u00dfe, Schiene, Binnenschiff, Luft und See.<\/p>&#8221; use_button=&#8221;on&#8221; button_text=&#8221;zum PDF&#8221; button_link=&#8221;https:\/\/gbk-ingelheim.de\/wp-content\/uploads\/2025\/03\/Gefahrgutbeauftragter-GBK.pdf&#8221; content_alignment=&#8221;center&#8221; btn_spacing_top=&#8221;40px&#8221; _builder_version=&#8221;4.27.4&#8243; _module_preset=&#8221;default&#8221; custom_button=&#8221;on&#8221; button_text_size=&#8221;1rem&#8221; button_text_color=&#8221;#FFFFFF&#8221; button_bg_color=&#8221;#DB2A1C&#8221; button_border_color=&#8221;#DB2A1C&#8221; button_border_radius=&#8221;10px&#8221; button_use_icon=&#8221;off&#8221; button_custom_padding=&#8221;0.7rem|2rem|0.7rem|2rem|true|true&#8221; hover_enabled=&#8221;0&#8243; border_radii_photo=&#8221;on|3px|3px|3px|3px&#8221; global_colors_info=&#8221;{}&#8221; sticky_enabled=&#8221;0&#8243;][\/ba_info_box][\/et_pb_column][et_pb_column type=&#8221;1_3&#8243; _builder_version=&#8221;4.27.4&#8243; _module_preset=&#8221;default&#8221; global_colors_info=&#8221;{}&#8221;][ba_info_box photo=&#8221;https:\/\/gbk-ingelheim.de\/wp-content\/uploads\/2025\/03\/gbk-trainings-seminare-onlinetraining-2.jpg&#8221; title=&#8221;Seminars and Online-Trainings&#8221; body_content=&#8221;<p>Wir bieten eine breite Palette an Schulungen an, die von Fachleuten aus der ganzen Welt durchgef\u00fchrt werden.<\/p>&#8221; use_button=&#8221;on&#8221; button_text=&#8221;zum PDF&#8221; button_link=&#8221;https:\/\/gbk-ingelheim.de\/wp-content\/uploads\/2025\/03\/Trainings-Seminare-GKB.pdf&#8221; content_alignment=&#8221;center&#8221; btn_spacing_top=&#8221;40px&#8221; _builder_version=&#8221;4.27.4&#8243; _module_preset=&#8221;default&#8221; custom_button=&#8221;on&#8221; button_text_size=&#8221;1rem&#8221; button_text_color=&#8221;#FFFFFF&#8221; button_bg_color=&#8221;#DB2A1C&#8221; button_border_color=&#8221;#DB2A1C&#8221; button_border_radius=&#8221;10px&#8221; button_use_icon=&#8221;off&#8221; button_custom_padding=&#8221;0.7rem|2rem|0.7rem|2rem|true|true&#8221; hover_enabled=&#8221;0&#8243; border_radii_photo=&#8221;on|3px|3px|3px|3px&#8221; global_colors_info=&#8221;{}&#8221; title_text=&#8221;gbk-trainings-seminare-onlinetraining-2&#8243; sticky_enabled=&#8221;0&#8243;][\/ba_info_box][\/et_pb_column][\/et_pb_row][et_pb_row column_structure=&#8221;1_3,1_3,1_3&#8243; _builder_version=&#8221;4.27.4&#8243; _module_preset=&#8221;default&#8221; global_colors_info=&#8221;{}&#8221;][et_pb_column type=&#8221;1_3&#8243; _builder_version=&#8221;4.27.4&#8243; _module_preset=&#8221;default&#8221; global_colors_info=&#8221;{}&#8221;][ba_info_box photo=&#8221;https:\/\/gbk-ingelheim.de\/wp-content\/uploads\/2025\/03\/boxbild-2-4-2.jpg&#8221; title=&#8221;EMTEL \u00ae emergency number&#8221; body_content=&#8221;<p>Vertrauen Sie auf einen kompetenten und zuverl\u00e4ssigen Ansprechpartner \u2013 24 Stunden am Tag, 7 Tage die Woche, und in 190 Sprachen.<\/p>&#8221; use_button=&#8221;on&#8221; button_text=&#8221;zum PDF&#8221; button_link=&#8221;https:\/\/gbk-ingelheim.de\/wp-content\/uploads\/2025\/03\/EMTEL-GBK.pdf&#8221; content_alignment=&#8221;center&#8221; btn_spacing_top=&#8221;40px&#8221; _builder_version=&#8221;4.27.4&#8243; _module_preset=&#8221;default&#8221; custom_button=&#8221;on&#8221; button_text_size=&#8221;1rem&#8221; button_text_color=&#8221;#FFFFFF&#8221; button_bg_color=&#8221;#DB2A1C&#8221; button_border_color=&#8221;#DB2A1C&#8221; button_border_radius=&#8221;10px&#8221; button_use_icon=&#8221;off&#8221; button_custom_padding=&#8221;0.7rem|2rem|0.7rem|2rem|true|true&#8221; hover_enabled=&#8221;0&#8243; border_radii_photo=&#8221;on|3px|3px|3px|3px&#8221; global_colors_info=&#8221;{}&#8221; sticky_enabled=&#8221;0&#8243;][\/ba_info_box][\/et_pb_column][et_pb_column type=&#8221;1_3&#8243; _builder_version=&#8221;4.27.4&#8243; _module_preset=&#8221;default&#8221; global_colors_info=&#8221;{}&#8221;][ba_info_box photo=&#8221;https:\/\/gbk-ingelheim.de\/wp-content\/uploads\/2025\/03\/boxbild-3-4-2.jpg&#8221; title=&#8221;International EHS Consulting&#8221; body_content=&#8221;<p>Wir beraten Sie rund um REACH, GHS,<br\/>Produktregistrierungen und die Erstellung<br\/>von Sicherheitsdatenbl\u00e4ttern.<\/p>&#8221; use_button=&#8221;on&#8221; button_text=&#8221;zum PDF&#8221; button_link=&#8221;https:\/\/gbk-ingelheim.de\/wp-content\/uploads\/2025\/03\/Internationales-EHS-Consulting-GBK.pdf&#8221; content_alignment=&#8221;center&#8221; btn_spacing_top=&#8221;40px&#8221; _builder_version=&#8221;4.27.4&#8243; _module_preset=&#8221;default&#8221; custom_button=&#8221;on&#8221; button_text_size=&#8221;1rem&#8221; button_text_color=&#8221;#FFFFFF&#8221; button_bg_color=&#8221;#DB2A1C&#8221; button_border_color=&#8221;#DB2A1C&#8221; button_border_radius=&#8221;10px&#8221; button_use_icon=&#8221;off&#8221; button_custom_padding=&#8221;0.7rem|2rem|0.7rem|2rem|true|true&#8221; hover_enabled=&#8221;0&#8243; border_radii_photo=&#8221;on|3px|3px|3px|3px&#8221; global_colors_info=&#8221;{}&#8221; sticky_enabled=&#8221;0&#8243;][\/ba_info_box][\/et_pb_column][et_pb_column type=&#8221;1_3&#8243; _builder_version=&#8221;4.27.4&#8243; _module_preset=&#8221;default&#8221; global_colors_info=&#8221;{}&#8221;][ba_info_box photo=&#8221;https:\/\/gbk-ingelheim.de\/wp-content\/uploads\/2025\/03\/Start-TP1-de-2.png&#8221; title=&#8221;TP1 \u2013 The new directive for the transportation of dangerous goods&#8221; body_content=&#8221;<p>Wir beraten Sie, wie Sie von der neuen Richtlinie zum elektronischen Bef\u00f6rderungsdokument f\u00fcr Gefahrgut-Transporte profitieren.<\/p>&#8221; use_button=&#8221;on&#8221; button_text=&#8221;zum PDF&#8221; button_link=&#8221;https:\/\/gbk-ingelheim.de\/wp-content\/uploads\/2025\/03\/TP1-GBK.pdf&#8221; content_alignment=&#8221;center&#8221; btn_spacing_top=&#8221;40px&#8221; _builder_version=&#8221;4.27.4&#8243; _module_preset=&#8221;default&#8221; custom_button=&#8221;on&#8221; button_text_size=&#8221;1rem&#8221; button_text_color=&#8221;#FFFFFF&#8221; button_bg_color=&#8221;#DB2A1C&#8221; button_border_color=&#8221;#DB2A1C&#8221; button_border_radius=&#8221;10px&#8221; button_use_icon=&#8221;off&#8221; button_custom_padding=&#8221;0.7rem|2rem|0.7rem|2rem|true|true&#8221; hover_enabled=&#8221;0&#8243; border_radii_photo=&#8221;on|3px|3px|3px|3px&#8221; global_colors_info=&#8221;{}&#8221; sticky_enabled=&#8221;0&#8243;][\/ba_info_box][\/et_pb_column][\/et_pb_row][\/et_pb_section]\n","protected":false},"excerpt":{"rendered":"<p>GBK data sheets at a glance &nbsp; Here you will find all GBK data sheets on your topics as PDF files.[ba_info_box photo=&#8221;https:\/\/gbk-ingelheim.de\/wp-content\/uploads\/2025\/03\/EHS-AUDITIERUNG-UND-RISIKOANALYSE-2.jpg&#8221; title=&#8221;EHS auditing and risk analysis with GBK Compliance&#8221; body_content=&#8221;Wir f\u00fchren eine einzigartige Auditierung und Risikoanalyse durch.&#8221; use_button=&#8221;on&#8221; button_text=&#8221;mehr erfahren&#8221; button_link=&#8221;https:\/\/www.gbk-ingelheim.de\/ehs-auditierung\/&#8221; content_alignment=&#8221;center&#8221; btn_spacing_top=&#8221;40px&#8221; _builder_version=&#8221;4.27.4&#8243; _module_preset=&#8221;default&#8221; custom_button=&#8221;on&#8221; button_text_size=&#8221;1rem&#8221; button_text_color=&#8221;#FFFFFF&#8221; button_bg_color=&#8221;#DB2A1C&#8221; button_border_color=&#8221;#DB2A1C&#8221; button_border_radius=&#8221;10px&#8221; button_use_icon=&#8221;off&#8221; button_custom_padding=&#8221;0.7rem|2rem|0.7rem|2rem|true|true&#8221; hover_enabled=&#8221;0&#8243; [&hellip;]<\/p>\n","protected":false},"author":1,"featured_media":0,"parent":0,"menu_order":0,"comment_status":"closed","ping_status":"closed","template":"","meta":{"_et_pb_use_builder":"on","_et_pb_old_content":"","_et_gb_content_width":"","footnotes":""},"dipi_cpt_category":[],"class_list":["post-25990114","page","type-page","status-publish","hentry"],"yoast_head":"<!-- This site is optimized with the Yoast SEO plugin v27.5 - https:\/\/yoast.com\/product\/yoast-seo-wordpress\/ -->\n<title>Data sheets - GBK GmbH Global Regulatory Compliance<\/title>\n<meta name=\"description\" content=\"Receive important safety and product data sheets from GBK GmbH. We offer comprehensive information for your company.\" \/>\n<meta name=\"robots\" content=\"index, follow, max-snippet:-1, max-image-preview:large, max-video-preview:-1\" \/>\n<link rel=\"canonical\" href=\"https:\/\/gbk-ingelheim.de\/en\/data-sheets\" \/>\n<meta property=\"og:locale\" content=\"en_US\" \/>\n<meta property=\"og:type\" content=\"article\" \/>\n<meta property=\"og:title\" content=\"Data sheets - GBK GmbH Global Regulatory Compliance\" \/>\n<meta property=\"og:description\" content=\"Receive important safety and product data sheets from GBK GmbH. We offer comprehensive information for your company.\" \/>\n<meta property=\"og:url\" content=\"https:\/\/gbk-ingelheim.de\/en\/data-sheets\" \/>\n<meta property=\"og:site_name\" content=\"GBK GmbH Global Regulatory Compliance\" \/>\n<meta property=\"article:publisher\" content=\"https:\/\/www.facebook.com\/GBKGmbH\/\" \/>\n<meta name=\"twitter:card\" content=\"summary_large_image\" \/>\n<meta name=\"twitter:label1\" content=\"Est. reading time\" \/>\n\t<meta name=\"twitter:data1\" content=\"5 minutes\" \/>\n<script type=\"application\/ld+json\" class=\"yoast-schema-graph\">{\"@context\":\"https:\\\/\\\/schema.org\",\"@graph\":[{\"@type\":\"WebPage\",\"@id\":\"https:\\\/\\\/gbk-ingelheim.de\\\/en\\\/data-sheets\",\"url\":\"https:\\\/\\\/gbk-ingelheim.de\\\/en\\\/data-sheets\",\"name\":\"Data sheets - GBK GmbH Global Regulatory Compliance\",\"isPartOf\":{\"@id\":\"https:\\\/\\\/gbk-ingelheim.de\\\/#website\"},\"datePublished\":\"2025-03-19T17:47:48+00:00\",\"description\":\"Receive important safety and product data sheets from GBK GmbH. We offer comprehensive information for your company.\",\"breadcrumb\":{\"@id\":\"https:\\\/\\\/gbk-ingelheim.de\\\/en\\\/data-sheets#breadcrumb\"},\"inLanguage\":\"en-US\",\"potentialAction\":[{\"@type\":\"ReadAction\",\"target\":[\"https:\\\/\\\/gbk-ingelheim.de\\\/en\\\/data-sheets\"]}]},{\"@type\":\"BreadcrumbList\",\"@id\":\"https:\\\/\\\/gbk-ingelheim.de\\\/en\\\/data-sheets#breadcrumb\",\"itemListElement\":[{\"@type\":\"ListItem\",\"position\":1,\"name\":\"Startseite\",\"item\":\"https:\\\/\\\/gbk-ingelheim.de\\\/\"},{\"@type\":\"ListItem\",\"position\":2,\"name\":\"Data sheets\"}]},{\"@type\":\"WebSite\",\"@id\":\"https:\\\/\\\/gbk-ingelheim.de\\\/#website\",\"url\":\"https:\\\/\\\/gbk-ingelheim.de\\\/\",\"name\":\"GBK GmbH Global Regulator Compliance\",\"description\":\"\",\"publisher\":{\"@id\":\"https:\\\/\\\/gbk-ingelheim.de\\\/#organization\"},\"potentialAction\":[{\"@type\":\"SearchAction\",\"target\":{\"@type\":\"EntryPoint\",\"urlTemplate\":\"https:\\\/\\\/gbk-ingelheim.de\\\/?s={search_term_string}\"},\"query-input\":{\"@type\":\"PropertyValueSpecification\",\"valueRequired\":true,\"valueName\":\"search_term_string\"}}],\"inLanguage\":\"en-US\"},{\"@type\":\"Organization\",\"@id\":\"https:\\\/\\\/gbk-ingelheim.de\\\/#organization\",\"name\":\"GBK GmbH Global Regulator Compliance\",\"url\":\"https:\\\/\\\/gbk-ingelheim.de\\\/\",\"logo\":{\"@type\":\"ImageObject\",\"inLanguage\":\"en-US\",\"@id\":\"https:\\\/\\\/gbk-ingelheim.de\\\/#\\\/schema\\\/logo\\\/image\\\/\",\"url\":\"https:\\\/\\\/gbk-ingelheim.de\\\/wp-content\\\/uploads\\\/2025\\\/03\\\/GBK-Logo.png\",\"contentUrl\":\"https:\\\/\\\/gbk-ingelheim.de\\\/wp-content\\\/uploads\\\/2025\\\/03\\\/GBK-Logo.png\",\"width\":1500,\"height\":514,\"caption\":\"GBK GmbH Global Regulator Compliance\"},\"image\":{\"@id\":\"https:\\\/\\\/gbk-ingelheim.de\\\/#\\\/schema\\\/logo\\\/image\\\/\"},\"sameAs\":[\"https:\\\/\\\/www.facebook.com\\\/GBKGmbH\\\/\",\"https:\\\/\\\/de.linkedin.com\\\/company\\\/gbk-gmbh-ingelheim\",\"https:\\\/\\\/www.xing.com\\\/pages\\\/gbkgmbhglobalregulatorycompliance\"]}]}<\/script>\n<!-- \/ Yoast SEO plugin. -->","yoast_head_json":{"title":"Data sheets - GBK GmbH Global Regulatory Compliance","description":"Receive important safety and product data sheets from GBK GmbH. We offer comprehensive information for your company.","robots":{"index":"index","follow":"follow","max-snippet":"max-snippet:-1","max-image-preview":"max-image-preview:large","max-video-preview":"max-video-preview:-1"},"canonical":"https:\/\/gbk-ingelheim.de\/en\/data-sheets","og_locale":"en_US","og_type":"article","og_title":"Data sheets - GBK GmbH Global Regulatory Compliance","og_description":"Receive important safety and product data sheets from GBK GmbH. We offer comprehensive information for your company.","og_url":"https:\/\/gbk-ingelheim.de\/en\/data-sheets","og_site_name":"GBK GmbH Global Regulatory Compliance","article_publisher":"https:\/\/www.facebook.com\/GBKGmbH\/","twitter_card":"summary_large_image","twitter_misc":{"Est. reading time":"5 minutes"},"schema":{"@context":"https:\/\/schema.org","@graph":[{"@type":"WebPage","@id":"https:\/\/gbk-ingelheim.de\/en\/data-sheets","url":"https:\/\/gbk-ingelheim.de\/en\/data-sheets","name":"Data sheets - GBK GmbH Global Regulatory Compliance","isPartOf":{"@id":"https:\/\/gbk-ingelheim.de\/#website"},"datePublished":"2025-03-19T17:47:48+00:00","description":"Receive important safety and product data sheets from GBK GmbH. We offer comprehensive information for your company.","breadcrumb":{"@id":"https:\/\/gbk-ingelheim.de\/en\/data-sheets#breadcrumb"},"inLanguage":"en-US","potentialAction":[{"@type":"ReadAction","target":["https:\/\/gbk-ingelheim.de\/en\/data-sheets"]}]},{"@type":"BreadcrumbList","@id":"https:\/\/gbk-ingelheim.de\/en\/data-sheets#breadcrumb","itemListElement":[{"@type":"ListItem","position":1,"name":"Startseite","item":"https:\/\/gbk-ingelheim.de\/"},{"@type":"ListItem","position":2,"name":"Data sheets"}]},{"@type":"WebSite","@id":"https:\/\/gbk-ingelheim.de\/#website","url":"https:\/\/gbk-ingelheim.de\/","name":"GBK GmbH Global Regulator Compliance","description":"","publisher":{"@id":"https:\/\/gbk-ingelheim.de\/#organization"},"potentialAction":[{"@type":"SearchAction","target":{"@type":"EntryPoint","urlTemplate":"https:\/\/gbk-ingelheim.de\/?s={search_term_string}"},"query-input":{"@type":"PropertyValueSpecification","valueRequired":true,"valueName":"search_term_string"}}],"inLanguage":"en-US"},{"@type":"Organization","@id":"https:\/\/gbk-ingelheim.de\/#organization","name":"GBK GmbH Global Regulator Compliance","url":"https:\/\/gbk-ingelheim.de\/","logo":{"@type":"ImageObject","inLanguage":"en-US","@id":"https:\/\/gbk-ingelheim.de\/#\/schema\/logo\/image\/","url":"https:\/\/gbk-ingelheim.de\/wp-content\/uploads\/2025\/03\/GBK-Logo.png","contentUrl":"https:\/\/gbk-ingelheim.de\/wp-content\/uploads\/2025\/03\/GBK-Logo.png","width":1500,"height":514,"caption":"GBK GmbH Global Regulator Compliance"},"image":{"@id":"https:\/\/gbk-ingelheim.de\/#\/schema\/logo\/image\/"},"sameAs":["https:\/\/www.facebook.com\/GBKGmbH\/","https:\/\/de.linkedin.com\/company\/gbk-gmbh-ingelheim","https:\/\/www.xing.com\/pages\/gbkgmbhglobalregulatorycompliance"]}]}},"_links":{"self":[{"href":"https:\/\/gbk-ingelheim.de\/en\/wp-json\/wp\/v2\/pages\/25990114","targetHints":{"allow":["GET"]}}],"collection":[{"href":"https:\/\/gbk-ingelheim.de\/en\/wp-json\/wp\/v2\/pages"}],"about":[{"href":"https:\/\/gbk-ingelheim.de\/en\/wp-json\/wp\/v2\/types\/page"}],"author":[{"embeddable":true,"href":"https:\/\/gbk-ingelheim.de\/en\/wp-json\/wp\/v2\/users\/1"}],"replies":[{"embeddable":true,"href":"https:\/\/gbk-ingelheim.de\/en\/wp-json\/wp\/v2\/comments?post=25990114"}],"version-history":[{"count":0,"href":"https:\/\/gbk-ingelheim.de\/en\/wp-json\/wp\/v2\/pages\/25990114\/revisions"}],"wp:attachment":[{"href":"https:\/\/gbk-ingelheim.de\/en\/wp-json\/wp\/v2\/media?parent=25990114"}],"wp:term":[{"taxonomy":"dipi_cpt_category","embeddable":true,"href":"https:\/\/gbk-ingelheim.de\/en\/wp-json\/wp\/v2\/dipi_cpt_category?post=25990114"}],"curies":[{"name":"wp","href":"https:\/\/api.w.org\/{rel}","templated":true}]}}